{"id":47,"date":"2024-08-20T16:39:34","date_gmt":"2024-08-20T14:39:34","guid":{"rendered":"https:\/\/www.sorbusintermedia.se\/?page_id=47"},"modified":"2025-02-27T19:12:46","modified_gmt":"2025-02-27T18:12:46","slug":"startsida","status":"publish","type":"page","link":"https:\/\/www.sorbusintermedia.se\/","title":{"rendered":"Startsida"},"content":{"rendered":"\n<div class=\"wp-block-cover alignfull\" style=\"min-height:917px;aspect-ratio:unset;\"><span aria-hidden=\"true\" class=\"wp-block-cover__background has-background-dim-20 has-background-dim\" style=\"background-color:#5f5551\"><\/span><img loading=\"lazy\" decoding=\"async\" width=\"1920\" height=\"1085\" class=\"wp-block-cover__image-background wp-image-127\" alt=\"\" src=\"https:\/\/www.sorbusintermedia.se\/wp-content\/uploads\/2024\/08\/Startbild_2.jpg\" data-object-fit=\"cover\" srcset=\"https:\/\/www.sorbusintermedia.se\/wp-content\/uploads\/2024\/08\/Startbild_2.jpg 1920w, https:\/\/www.sorbusintermedia.se\/wp-content\/uploads\/2024\/08\/Startbild_2-300x170.jpg 300w, https:\/\/www.sorbusintermedia.se\/wp-content\/uploads\/2024\/08\/Startbild_2-1024x579.jpg 1024w\" sizes=\"auto, (max-width: 1920px) 100vw, 1920px\" \/><div class=\"wp-block-cover__inner-container has-global-padding is-layout-constrained wp-block-cover-is-layout-constrained\">\n<p><\/p>\n\n\n\n<p><\/p>\n\n\n\n<p class=\"has-text-align-center has-white-color has-text-color has-max-60-font-size\" style=\"font-style:normal;font-weight:900;line-height:1.2\"><\/p>\n\n\n\n<p><\/p>\n\n\n\n<h2 class=\"wp-block-heading has-text-align-center\"><strong>Lisa Holmgren<\/strong><\/h2>\n\n\n\n<h1 class=\"wp-block-heading has-text-align-center\">Tj\u00e4nster inom produktion av information<\/h1>\n\n\n\n<div class=\"wp-block-buttons is-content-justification-center is-layout-flex wp-container-core-buttons-is-layout-a89b3969 wp-block-buttons-is-layout-flex\">\n<div class=\"wp-block-button\"><a class=\"wp-block-button__link has-text-align-center wp-element-button\" href=\"mailto:lisa@sorbusintermedia.se\">KONTAKTA MIG<\/a><\/div>\n<\/div>\n<\/div><\/div>\n\n\n\n<div class=\"wp-block-group has-global-padding is-layout-constrained wp-block-group-is-layout-constrained\">\n<div style=\"height:57px\" aria-hidden=\"true\" class=\"wp-block-spacer\"><\/div>\n\n\n\n<h2 class=\"wp-block-heading has-text-align-center has-medium-font-size\" style=\"letter-spacing:1px\">INFORMATION SOM G\u00d6R DET KOMPLEXA BEGRIPLIGT<\/h2>\n\n\n\n<p class=\"has-text-align-center\">V\u00e4lkommen till Sorbus Intermedia som erbjuder hj\u00e4lp med att producera informations- och utbildningsmaterial f\u00f6r olika media och m\u00e5lgrupper. Lisa Holmgren heter jag som st\u00e5r bakom. Jag hj\u00e4lper dig med hela eller delar av informationsproduktionen &#8211; fr\u00e5n research och behovsanalys \u00f6ver textproduktion och bildbehov till visuell design och paketering. Framf\u00f6rallt inom omr\u00e5dena skog, milj\u00f6, h\u00e5llbarhet och teknik. Och alltid med fokus p\u00e5 att informationen blir korrekt, l\u00e4ttf\u00f6rst\u00e5elig och anpassad till mottagaren.<\/p>\n\n\n\n<div style=\"height:57px\" aria-hidden=\"true\" class=\"wp-block-spacer\"><\/div>\n<\/div>\n\n\n\n<div class=\"wp-block-group alignfull pattern_multiple_covers has-background has-global-padding is-layout-constrained wp-block-group-is-layout-constrained\" id=\"services\" style=\"background-color:#f8f8f8\">\n<h1 class=\"wp-block-heading has-text-align-center\">TJ\u00c4NSTER<\/h1>\n\n\n\n<div style=\"height:46px\" aria-hidden=\"true\" class=\"wp-block-spacer\"><\/div>\n\n\n\n<div class=\"wp-block-columns is-layout-flex wp-container-core-columns-is-layout-28f84493 wp-block-columns-is-layout-flex\">\n<div class=\"wp-block-column is-layout-flow wp-block-column-is-layout-flow\" style=\"padding-top:0;padding-right:0;padding-bottom:0;padding-left:0\">\n<div class=\"wp-block-cover has-custom-content-position is-position-bottom-left\" style=\"padding-top:var(--wp--preset--spacing--small);padding-right:var(--wp--preset--spacing--x-small);padding-bottom:var(--wp--preset--spacing--small);padding-left:var(--wp--preset--spacing--x-small)\"><span aria-hidden=\"true\" class=\"wp-block-cover__background has-primary-background-color has-background-dim-70 has-background-dim\"><\/span><img loading=\"lazy\" decoding=\"async\" width=\"1920\" height=\"1775\" class=\"wp-block-cover__image-background wp-image-142\" alt=\"\" src=\"https:\/\/www.sorbusintermedia.se\/wp-content\/uploads\/2024\/08\/books-2596809_1920.jpg\" data-object-fit=\"cover\" srcset=\"https:\/\/www.sorbusintermedia.se\/wp-content\/uploads\/2024\/08\/books-2596809_1920.jpg 1920w, https:\/\/www.sorbusintermedia.se\/wp-content\/uploads\/2024\/08\/books-2596809_1920-300x277.jpg 300w, https:\/\/www.sorbusintermedia.se\/wp-content\/uploads\/2024\/08\/books-2596809_1920-1024x947.jpg 1024w\" sizes=\"auto, (max-width: 1920px) 100vw, 1920px\" \/><div class=\"wp-block-cover__inner-container is-layout-flow wp-block-cover-is-layout-flow\">\n<h3 class=\"wp-block-heading has-white-color has-text-color has-medium-font-size\" style=\"margin-top:0;margin-right:0;margin-bottom:0;margin-left:0\">Research &amp; id\u00e9f\u00f6rslag<\/h3>\n<\/div><\/div>\n\n\n\n<p>Jag gr\u00e4ver g\u00e4rna ner mig i nya \u00e4mnesomr\u00e5den f\u00f6r att identifiera, strukturera och prioritera den fakta och information som \u00e4r viktigast att f\u00f6rmedla till avsedd m\u00e5lgrupp. Utifr\u00e5n det tar jag fram f\u00f6rslag p\u00e5 hur informationsprodukten kan se ut.<\/p>\n<\/div>\n\n\n\n<div class=\"wp-block-column is-layout-flow wp-block-column-is-layout-flow\" style=\"padding-top:0;padding-right:0;padding-bottom:0;padding-left:0\">\n<div class=\"wp-block-cover has-custom-content-position is-position-bottom-left\" style=\"padding-top:var(--wp--preset--spacing--small);padding-right:var(--wp--preset--spacing--x-small);padding-bottom:var(--wp--preset--spacing--small);padding-left:var(--wp--preset--spacing--x-small)\"><span aria-hidden=\"true\" class=\"wp-block-cover__background has-primary-background-color has-background-dim-70 has-background-dim\"><\/span><img loading=\"lazy\" decoding=\"async\" width=\"1920\" height=\"1280\" class=\"wp-block-cover__image-background wp-image-134\" alt=\"\" src=\"https:\/\/www.sorbusintermedia.se\/wp-content\/uploads\/2024\/08\/laptop-820274_1920.jpg\" data-object-fit=\"cover\" srcset=\"https:\/\/www.sorbusintermedia.se\/wp-content\/uploads\/2024\/08\/laptop-820274_1920.jpg 1920w, https:\/\/www.sorbusintermedia.se\/wp-content\/uploads\/2024\/08\/laptop-820274_1920-300x200.jpg 300w, https:\/\/www.sorbusintermedia.se\/wp-content\/uploads\/2024\/08\/laptop-820274_1920-1024x683.jpg 1024w\" sizes=\"auto, (max-width: 1920px) 100vw, 1920px\" \/><div class=\"wp-block-cover__inner-container is-layout-flow wp-block-cover-is-layout-flow\">\n<h3 class=\"wp-block-heading has-white-color has-text-color has-medium-font-size\" style=\"margin-top:0;margin-right:0;margin-bottom:0;margin-left:0\">Anpassad textproduktion<\/h3>\n<\/div><\/div>\n\n\n\n<p>Jag skapar tydliga texter som f\u00f6rklarar komplexa \u00e4mnen p\u00e5 ett l\u00e4ttbegripligt s\u00e4tt. Oavsett om det handlar om utbildningsmaterial eller andra former av information s\u00e5 ser jag till att inneh\u00e5llet \u00e4r sakligt korrekt, l\u00e4ttf\u00f6rst\u00e5eligt och anpassat till mottagaren.<\/p>\n<\/div>\n\n\n\n<div class=\"wp-block-column is-layout-flow wp-block-column-is-layout-flow\" style=\"padding-top:0;padding-right:0;padding-bottom:0;padding-left:0\">\n<div class=\"wp-block-cover has-custom-content-position is-position-bottom-left\" style=\"padding-top:var(--wp--preset--spacing--small);padding-right:var(--wp--preset--spacing--x-small);padding-bottom:var(--wp--preset--spacing--small);padding-left:var(--wp--preset--spacing--x-small);min-height:430px;aspect-ratio:unset;\"><span aria-hidden=\"true\" class=\"wp-block-cover__background has-primary-background-color has-background-dim-70 has-background-dim\"><\/span><img loading=\"lazy\" decoding=\"async\" width=\"1920\" height=\"1280\" class=\"wp-block-cover__image-background wp-image-140\" alt=\"\" src=\"https:\/\/www.sorbusintermedia.se\/wp-content\/uploads\/2024\/08\/color-samples-1984238_1920.jpg\" data-object-fit=\"cover\" srcset=\"https:\/\/www.sorbusintermedia.se\/wp-content\/uploads\/2024\/08\/color-samples-1984238_1920.jpg 1920w, https:\/\/www.sorbusintermedia.se\/wp-content\/uploads\/2024\/08\/color-samples-1984238_1920-300x200.jpg 300w, https:\/\/www.sorbusintermedia.se\/wp-content\/uploads\/2024\/08\/color-samples-1984238_1920-1024x683.jpg 1024w\" sizes=\"auto, (max-width: 1920px) 100vw, 1920px\" \/><div class=\"wp-block-cover__inner-container is-layout-flow wp-block-cover-is-layout-flow\">\n<h3 class=\"wp-block-heading has-white-color has-text-color has-medium-font-size\" style=\"margin-top:0;margin-right:0;margin-bottom:0;margin-left:0\">Visuell presentation <\/h3>\n<\/div><\/div>\n\n\n\n<p>Extra roligt har jag n\u00e4r jag f\u00e5r kombinera text, bild och form till en visuellt fungerande helhet. Jag paketerar information f\u00f6r tryck eller olika webbaserade plattformar s\u00e5 att den blir l\u00e4tt att ta till sig och f\u00f6rst\u00e5 f\u00f6r m\u00e5lgruppen.<\/p>\n<\/div>\n<\/div>\n\n\n\n<div style=\"height:103px\" aria-hidden=\"true\" class=\"wp-block-spacer\"><\/div>\n\n\n\n<div class=\"wp-block-columns is-layout-flex wp-container-core-columns-is-layout-28f84493 wp-block-columns-is-layout-flex\">\n<div class=\"wp-block-column is-layout-flow wp-block-column-is-layout-flow\">\n<h1 class=\"wp-block-heading\">OM MIG<\/h1>\n\n\n\n<p>Jag har arbetat med textproduktion f\u00f6r olika \u00e4ndam\u00e5l inom skogssektorn i drygt 25 \u00e5rs tid, b\u00e5de som anst\u00e4lld inom myndigheter och forskning samt sedan 2009 som egenf\u00f6retagare. Min drivkraft \u00e4r att g\u00f6ra komplex information tillg\u00e4nglig och begriplig f\u00f6r olika m\u00e5lgrupper.<\/p>\n\n\n\n<p>Till min utbildning \u00e4r jag j\u00e4gm\u00e4stare med forskarutbildning, kompletterad genom \u00e5ren med kurser i journalistiskt skrivande, konstn\u00e4rligt skapande och teknikinformation. Jag har min bas i Oxel\u00f6sund. Och jag ser fram emot att hj\u00e4lpa dig med ditt informationsprojekt var du \u00e4n befinner dig!<\/p>\n<\/div>\n\n\n\n<div class=\"wp-block-column is-layout-flow wp-block-column-is-layout-flow\">\n<figure class=\"wp-block-image alignright size-large is-resized\"><img loading=\"lazy\" decoding=\"async\" width=\"1024\" height=\"1024\" src=\"https:\/\/www.sorbusintermedia.se\/wp-content\/uploads\/2024\/08\/LIsaH_Portratt_SV_kvadrat_LAGUPPL-1024x1024.jpg\" alt=\"\" class=\"wp-image-70\" style=\"width:316px;height:auto\" srcset=\"https:\/\/www.sorbusintermedia.se\/wp-content\/uploads\/2024\/08\/LIsaH_Portratt_SV_kvadrat_LAGUPPL-1024x1024.jpg 1024w, https:\/\/www.sorbusintermedia.se\/wp-content\/uploads\/2024\/08\/LIsaH_Portratt_SV_kvadrat_LAGUPPL-300x300.jpg 300w, https:\/\/www.sorbusintermedia.se\/wp-content\/uploads\/2024\/08\/LIsaH_Portratt_SV_kvadrat_LAGUPPL-150x150.jpg 150w, https:\/\/www.sorbusintermedia.se\/wp-content\/uploads\/2024\/08\/LIsaH_Portratt_SV_kvadrat_LAGUPPL-768x768.jpg 768w, https:\/\/www.sorbusintermedia.se\/wp-content\/uploads\/2024\/08\/LIsaH_Portratt_SV_kvadrat_LAGUPPL.jpg 1200w\" sizes=\"auto, (max-width: 1024px) 100vw, 1024px\" \/><\/figure>\n<\/div>\n<\/div>\n<\/div>\n\n\n\n<div class=\"wp-block-cover alignfull has-custom-content-position is-position-top-center\"><span aria-hidden=\"true\" class=\"wp-block-cover__background has-background-dim\"><\/span><img loading=\"lazy\" decoding=\"async\" width=\"1024\" height=\"347\" class=\"wp-block-cover__image-background wp-image-187\" alt=\"\" src=\"https:\/\/www.sorbusintermedia.se\/wp-content\/uploads\/2024\/08\/Kontakta-1024x347.jpg\" data-object-fit=\"cover\" srcset=\"https:\/\/www.sorbusintermedia.se\/wp-content\/uploads\/2024\/08\/Kontakta-1024x347.jpg 1024w, https:\/\/www.sorbusintermedia.se\/wp-content\/uploads\/2024\/08\/Kontakta-300x102.jpg 300w, https:\/\/www.sorbusintermedia.se\/wp-content\/uploads\/2024\/08\/Kontakta.jpg 1920w\" sizes=\"auto, (max-width: 1024px) 100vw, 1024px\" \/><div class=\"wp-block-cover__inner-container is-layout-flow wp-block-cover-is-layout-flow\">\n<h1 class=\"wp-block-heading has-text-align-center\"><strong>KONTAKTA MIG<\/strong><\/h1>\n\n\n\n<div class=\"wp-block-columns is-layout-flex wp-container-core-columns-is-layout-28f84493 wp-block-columns-is-layout-flex\">\n<div class=\"wp-block-column is-layout-flow wp-block-column-is-layout-flow\" style=\"flex-basis:25%\"><\/div>\n\n\n\n<div class=\"wp-block-column is-layout-flow wp-block-column-is-layout-flow\" style=\"flex-basis:50%\">\n<p>Beh\u00f6ver du hj\u00e4lp f\u00f6r ett kortare uppdrag, kanske bara f\u00f6r n\u00e5gra timmars jobb eller f\u00f6r ett mer omfattande informationsprojekt? Oavsett vilket \u00e4r du varmt v\u00e4lkommen att h\u00f6ra av dig! Mejla mig p\u00e5 lisa(at)sorbusintermedia.se f\u00f6r ett f\u00f6ruts\u00e4ttningsl\u00f6st samtal om hur jag kan st\u00f6tta dig. Eller beg\u00e4r en offert om du redan har ett specifikt projekt i \u00e5tanke. Jag ser fram emot att h\u00f6ra fr\u00e5n dig!<\/p>\n<\/div>\n\n\n\n<div class=\"wp-block-column is-layout-flow wp-block-column-is-layout-flow\" style=\"flex-basis:25%\"><\/div>\n<\/div>\n\n\n\n<div class=\"wp-block-buttons is-content-justification-center is-layout-flex wp-container-core-buttons-is-layout-a89b3969 wp-block-buttons-is-layout-flex\">\n<div class=\"wp-block-button\"><a class=\"wp-block-button__link wp-element-button\" href=\"mailto:lisa@sorbusintermedia.se\">MEJLA MIG<\/a><\/div>\n<\/div>\n<\/div><\/div>\n","protected":false},"excerpt":{"rendered":"<p>INFORMATION SOM G\u00d6R DET KOMPLEXA BEGRIPLIGT V\u00e4lkommen till Sorbus Intermedia som erbjuder hj\u00e4lp med att producera informations- och utbildningsmaterial f\u00f6r olika media och m\u00e5lgrupper. Lisa Holmgren heter jag som st\u00e5r bakom. Jag hj\u00e4lper dig med hela eller delar av informationsproduktionen &#8211; fr\u00e5n research och behovsanalys \u00f6ver textproduktion och bildbehov till visuell design och paketering. Framf\u00f6rallt &hellip; <\/p>\n<p class=\"link-more\"><a href=\"https:\/\/www.sorbusintermedia.se\/\" class=\"more-link\">L\u00e4s mer<span class=\"screen-reader-text\"> \u201dStartsida\u201d<\/span><\/a><\/p>\n","protected":false},"author":1,"featured_media":0,"parent":0,"menu_order":0,"comment_status":"closed","ping_status":"closed","template":"page-templates\/homepage-no-hero.php","meta":{"footnotes":""},"class_list":["post-47","page","type-page","status-publish","hentry"],"_links":{"self":[{"href":"https:\/\/www.sorbusintermedia.se\/index.php\/wp-json\/wp\/v2\/pages\/47","targetHints":{"allow":["GET"]}}],"collection":[{"href":"https:\/\/www.sorbusintermedia.se\/index.php\/wp-json\/wp\/v2\/pages"}],"about":[{"href":"https:\/\/www.sorbusintermedia.se\/index.php\/wp-json\/wp\/v2\/types\/page"}],"author":[{"embeddable":true,"href":"https:\/\/www.sorbusintermedia.se\/index.php\/wp-json\/wp\/v2\/users\/1"}],"replies":[{"embeddable":true,"href":"https:\/\/www.sorbusintermedia.se\/index.php\/wp-json\/wp\/v2\/comments?post=47"}],"version-history":[{"count":109,"href":"https:\/\/www.sorbusintermedia.se\/index.php\/wp-json\/wp\/v2\/pages\/47\/revisions"}],"predecessor-version":[{"id":248,"href":"https:\/\/www.sorbusintermedia.se\/index.php\/wp-json\/wp\/v2\/pages\/47\/revisions\/248"}],"wp:attachment":[{"href":"https:\/\/www.sorbusintermedia.se\/index.php\/wp-json\/wp\/v2\/media?parent=47"}],"curies":[{"name":"wp","href":"https:\/\/api.w.org\/{rel}","templated":true}]}}